{"id":181,"date":"2023-03-06T10:20:17","date_gmt":"2023-03-06T10:20:17","guid":{"rendered":"https:\/\/dev.avioborza.si\/?page_id=181"},"modified":"2023-03-26T13:11:44","modified_gmt":"2023-03-26T13:11:44","slug":"covid-informacije","status":"publish","type":"page","link":"https:\/\/avioborza.si\/en\/covid-informacije\/","title":{"rendered":"Covid information"},"content":{"rendered":"<div data-elementor-type=\"wp-page\" data-elementor-id=\"181\" class=\"elementor elementor-181\" data-elementor-post-type=\"page\">\n\t\t\t\t\t\t<section class=\"elementor-section elementor-top-section elementor-element elementor-element-75baed2f elementor-section-full_width elementor-section-height-min-height elementor-section-items-bottom elementor-section-stretched elementor-section-height-default\" data-id=\"75baed2f\" data-element_type=\"section\" data-settings=\"{&quot;stretch_section&quot;:&quot;section-stretched&quot;,&quot;background_background&quot;:&quot;classic&quot;}\">\n\t\t\t\t\t\t<div class=\"elementor-container elementor-column-gap-default\">\n\t\t\t\t\t<div class=\"elementor-column elementor-col-100 elementor-top-column elementor-element elementor-element-ff89167\" data-id=\"ff89167\" data-element_type=\"column\">\n\t\t\t<div class=\"elementor-widget-wrap elementor-element-populated\">\n\t\t\t\t\t\t<div class=\"elementor-element elementor-element-63341c63 elementor-widget elementor-widget-heading\" data-id=\"63341c63\" data-element_type=\"widget\" data-widget_type=\"heading.default\">\n\t\t\t\t<div class=\"elementor-widget-container\">\n\t\t\t\t\t<h1 class=\"elementor-heading-title elementor-size-default\">COVID Information<\/h1>\t\t\t\t<\/div>\n\t\t\t\t<\/div>\n\t\t\t\t\t<\/div>\n\t\t<\/div>\n\t\t\t\t\t<\/div>\n\t\t<\/section>\n\t\t\t\t<section class=\"elementor-section elementor-top-section elementor-element elementor-element-7b1a94ef elementor-section-full_width elementor-section-height-default elementor-section-height-default\" data-id=\"7b1a94ef\" data-element_type=\"section\">\n\t\t\t\t\t\t<div class=\"elementor-container elementor-column-gap-wider\">\n\t\t\t\t\t<div class=\"elementor-column elementor-col-100 elementor-top-column elementor-element elementor-element-4721576f\" data-id=\"4721576f\" data-element_type=\"column\">\n\t\t\t<div class=\"elementor-widget-wrap elementor-element-populated\">\n\t\t\t\t\t\t<div class=\"elementor-element elementor-element-46279223 elementor-widget elementor-widget-text-editor\" data-id=\"46279223\" data-element_type=\"widget\" data-widget_type=\"text-editor.default\">\n\t\t\t\t<div class=\"elementor-widget-container\">\n\t\t\t\t\t\t\t\t\t<p>We are pleased that, following a period of significant reduction in air transport due to COVID-19, an increasing number of airlines are announcing the resumption of air transport. Of course, airlines, airports, and passengers must comply with the instructions in force in each country regarding the prevention of the spread of COVID-19 infections. Airports have specific requirements in accordance with the instructions of countries, the WHO, and IATA, which must be familiarized with and strictly adhered to (by passengers and airport employees).<\/p><p>The following is mandatory at airports:<\/p><p>Wearing masks (depending on the airport\/airline: medical or FPP2, timely replacement of masks)<br \/>hand disinfection upon arrival at the airport<br \/>minimum distance between each other of 1.5 to 2 m<br \/>prohibition of gathering in large groups \u2013 airports have special arrangements in place \u2013 guidance<br \/>It is recommended to arrive at the airport at least 2.5 to 4 hours before departure (depending on the carrier\/airline, domestic or intercontinental flights, etc.).<br \/>body temperature measurement upon entering the airport or terminal<br \/>It is the passenger's responsibility to be well informed about all their obligations (possibly filling out a self-declaration form), the requirements of the countries (through which they are traveling, to which they are traveling or returning), PCR or HAG test requirements, recommended flight check-in (online check-in), various restrictions, etc. Due to current COVID restrictions and requirements, carriers are serving food and beverages to a limited extent.<\/p><p>IATA COVID news: https:\/\/www.iatatravelcentre.com\/international-travel-document-news\/1580226297.html Check the latest COVID INFORMATION online. For additional help and explanations, please contact us at 01 4210 555.<\/p><p>PLEASE NOTE: Avioborza d.o.o. accepts no responsibility for any problems or inconveniences passengers may encounter when crossing borders.<\/p><p>We advise travelers to check for any restrictions before each trip. Some trips may only be permitted for specific purposes (e.g., business events), while tourist trips may be exempt. For more details, please visit: CROSSING THE BORDER: https:\/\/www.gov.si\/teme\/koronavirus-sars-cov-2\/prehajanje-meja<\/p>\t\t\t\t\t\t\t\t<\/div>\n\t\t\t\t<\/div>\n\t\t\t\t\t<\/div>\n\t\t<\/div>\n\t\t\t\t\t<\/div>\n\t\t<\/section>\n\t\t\t\t<\/div>","protected":false},"excerpt":{"rendered":"<p>COVID informacije Veseli nas, da po obdobju velikega zmanj\u0161anja letalskih prevozov zaradi Covida vse ve\u010d letalskih prevoznikov najavlja ponovne vzpostavitve letalskih prevozov. Seveda morajo tako letalski prevozniki, letali\u0161\u010da in potniki ravnati v skladu z navodili, ki veljajo v posamezni dr\u017eavi glede prepre\u010devanja \u0161irjenja oku\u017eb z covid-19. Letali\u0161\u010da imajo posebne zahteve, skladno z navodili dr\u017eav, WHO [&hellip;]<\/p>","protected":false},"author":1,"featured_media":0,"parent":0,"menu_order":0,"comment_status":"closed","ping_status":"closed","template":"","meta":{"ocean_post_layout":"","ocean_both_sidebars_style":"","ocean_both_sidebars_content_width":0,"ocean_both_sidebars_sidebars_width":0,"ocean_sidebar":"0","ocean_second_sidebar":"0","ocean_disable_margins":"enable","ocean_add_body_class":"","ocean_shortcode_before_top_bar":"","ocean_shortcode_after_top_bar":"","ocean_shortcode_before_header":"","ocean_shortcode_after_header":"","ocean_has_shortcode":"","ocean_shortcode_after_title":"","ocean_shortcode_before_footer_widgets":"","ocean_shortcode_after_footer_widgets":"","ocean_shortcode_before_footer_bottom":"","ocean_shortcode_after_footer_bottom":"","ocean_display_top_bar":"default","ocean_display_header":"default","ocean_header_style":"","ocean_center_header_left_menu":"0","ocean_custom_header_template":"0","ocean_custom_logo":0,"ocean_custom_retina_logo":0,"ocean_custom_logo_max_width":0,"ocean_custom_logo_tablet_max_width":0,"ocean_custom_logo_mobile_max_width":0,"ocean_custom_logo_max_height":0,"ocean_custom_logo_tablet_max_height":0,"ocean_custom_logo_mobile_max_height":0,"ocean_header_custom_menu":"0","ocean_menu_typo_font_family":"0","ocean_menu_typo_font_subset":"","ocean_menu_typo_font_size":0,"ocean_menu_typo_font_size_tablet":0,"ocean_menu_typo_font_size_mobile":0,"ocean_menu_typo_font_size_unit":"px","ocean_menu_typo_font_weight":"","ocean_menu_typo_font_weight_tablet":"","ocean_menu_typo_font_weight_mobile":"","ocean_menu_typo_transform":"","ocean_menu_typo_transform_tablet":"","ocean_menu_typo_transform_mobile":"","ocean_menu_typo_line_height":0,"ocean_menu_typo_line_height_tablet":0,"ocean_menu_typo_line_height_mobile":0,"ocean_menu_typo_line_height_unit":"","ocean_menu_typo_spacing":0,"ocean_menu_typo_spacing_tablet":0,"ocean_menu_typo_spacing_mobile":0,"ocean_menu_typo_spacing_unit":"","ocean_menu_link_color":"","ocean_menu_link_color_hover":"","ocean_menu_link_color_active":"","ocean_menu_link_background":"","ocean_menu_link_hover_background":"","ocean_menu_link_active_background":"","ocean_menu_social_links_bg":"","ocean_menu_social_hover_links_bg":"","ocean_menu_social_links_color":"","ocean_menu_social_hover_links_color":"","ocean_disable_title":"default","ocean_disable_heading":"default","ocean_post_title":"","ocean_post_subheading":"","ocean_post_title_style":"","ocean_post_title_background_color":"","ocean_post_title_background":0,"ocean_post_title_bg_image_position":"","ocean_post_title_bg_image_attachment":"","ocean_post_title_bg_image_repeat":"","ocean_post_title_bg_image_size":"","ocean_post_title_height":0,"ocean_post_title_bg_overlay":0.5,"ocean_post_title_bg_overlay_color":"","ocean_disable_breadcrumbs":"default","ocean_breadcrumbs_color":"","ocean_breadcrumbs_separator_color":"","ocean_breadcrumbs_links_color":"","ocean_breadcrumbs_links_hover_color":"","ocean_display_footer_widgets":"default","ocean_display_footer_bottom":"default","ocean_custom_footer_template":"0","footnotes":""},"class_list":["post-181","page","type-page","status-publish","hentry","entry"],"aioseo_notices":[],"_links":{"self":[{"href":"https:\/\/avioborza.si\/en\/wp-json\/wp\/v2\/pages\/181","targetHints":{"allow":["GET"]}}],"collection":[{"href":"https:\/\/avioborza.si\/en\/wp-json\/wp\/v2\/pages"}],"about":[{"href":"https:\/\/avioborza.si\/en\/wp-json\/wp\/v2\/types\/page"}],"author":[{"embeddable":true,"href":"https:\/\/avioborza.si\/en\/wp-json\/wp\/v2\/users\/1"}],"replies":[{"embeddable":true,"href":"https:\/\/avioborza.si\/en\/wp-json\/wp\/v2\/comments?post=181"}],"version-history":[{"count":10,"href":"https:\/\/avioborza.si\/en\/wp-json\/wp\/v2\/pages\/181\/revisions"}],"predecessor-version":[{"id":508,"href":"https:\/\/avioborza.si\/en\/wp-json\/wp\/v2\/pages\/181\/revisions\/508"}],"wp:attachment":[{"href":"https:\/\/avioborza.si\/en\/wp-json\/wp\/v2\/media?parent=181"}],"curies":[{"name":"wp","href":"https:\/\/api.w.org\/{rel}","templated":true}]}}