{"id":350,"date":"2023-03-14T15:13:51","date_gmt":"2023-03-14T15:13:51","guid":{"rendered":"https:\/\/dev.avioborza.si\/?page_id=350"},"modified":"2023-03-14T15:17:27","modified_gmt":"2023-03-14T15:17:27","slug":"go-opti","status":"publish","type":"page","link":"https:\/\/avioborza.si\/en\/go-opti\/","title":{"rendered":"Go Opti"},"content":{"rendered":"<div data-elementor-type=\"wp-page\" data-elementor-id=\"350\" class=\"elementor elementor-350\" data-elementor-post-type=\"page\">\n\t\t\t\t\t\t<section class=\"elementor-section elementor-top-section elementor-element elementor-element-52b2aa28 elementor-section-full_width elementor-section-height-min-height elementor-section-items-bottom elementor-section-stretched elementor-section-height-default\" data-id=\"52b2aa28\" data-element_type=\"section\" data-settings=\"{&quot;stretch_section&quot;:&quot;section-stretched&quot;,&quot;background_background&quot;:&quot;classic&quot;}\">\n\t\t\t\t\t\t<div class=\"elementor-container elementor-column-gap-default\">\n\t\t\t\t\t<div class=\"elementor-column elementor-col-100 elementor-top-column elementor-element elementor-element-38ed7888\" data-id=\"38ed7888\" data-element_type=\"column\">\n\t\t\t<div class=\"elementor-widget-wrap elementor-element-populated\">\n\t\t\t\t\t\t<div class=\"elementor-element elementor-element-164881e0 elementor-widget elementor-widget-heading\" data-id=\"164881e0\" data-element_type=\"widget\" data-widget_type=\"heading.default\">\n\t\t\t\t<div class=\"elementor-widget-container\">\n\t\t\t\t\t<h1 class=\"elementor-heading-title elementor-size-default\">Go Opti<\/h1>\t\t\t\t<\/div>\n\t\t\t\t<\/div>\n\t\t\t\t\t<\/div>\n\t\t<\/div>\n\t\t\t\t\t<\/div>\n\t\t<\/section>\n\t\t\t\t<section class=\"elementor-section elementor-top-section elementor-element elementor-element-7574bb53 elementor-section-boxed elementor-section-height-default elementor-section-height-default\" data-id=\"7574bb53\" data-element_type=\"section\">\n\t\t\t\t\t\t<div class=\"elementor-container elementor-column-gap-default\">\n\t\t\t\t\t<div class=\"elementor-column elementor-col-100 elementor-top-column elementor-element elementor-element-4db1a80e\" data-id=\"4db1a80e\" data-element_type=\"column\">\n\t\t\t<div class=\"elementor-widget-wrap elementor-element-populated\">\n\t\t\t\t\t\t<div class=\"elementor-element elementor-element-1b2945b0 elementor-widget elementor-widget-heading\" data-id=\"1b2945b0\" data-element_type=\"widget\" data-widget_type=\"heading.default\">\n\t\t\t\t<div class=\"elementor-widget-container\">\n\t\t\t\t\t<h1 class=\"elementor-heading-title elementor-size-default\">Low-cost passenger transport to airports and between locations<\/h1>\t\t\t\t<\/div>\n\t\t\t\t<\/div>\n\t\t\t\t<div class=\"elementor-element elementor-element-63cba6ba elementor-widget elementor-widget-image\" data-id=\"63cba6ba\" data-element_type=\"widget\" data-widget_type=\"image.default\">\n\t\t\t\t<div class=\"elementor-widget-container\">\n\t\t\t\t\t\t\t\t\t\t\t\t\t\t\t<img fetchpriority=\"high\" decoding=\"async\" width=\"2670\" height=\"226\" src=\"https:\/\/avioborza.si\/wp-content\/uploads\/2023\/03\/Dotted-airplane-trajectories-cartoon-illustration-set-Converted-01-1.png\" class=\"attachment-full size-full wp-image-63\" alt=\"\" srcset=\"https:\/\/avioborza.si\/wp-content\/uploads\/2023\/03\/Dotted-airplane-trajectories-cartoon-illustration-set-Converted-01-1.png 2670w, https:\/\/avioborza.si\/wp-content\/uploads\/2023\/03\/Dotted-airplane-trajectories-cartoon-illustration-set-Converted-01-1-300x25.png 300w, https:\/\/avioborza.si\/wp-content\/uploads\/2023\/03\/Dotted-airplane-trajectories-cartoon-illustration-set-Converted-01-1-1024x87.png 1024w, https:\/\/avioborza.si\/wp-content\/uploads\/2023\/03\/Dotted-airplane-trajectories-cartoon-illustration-set-Converted-01-1-768x65.png 768w, https:\/\/avioborza.si\/wp-content\/uploads\/2023\/03\/Dotted-airplane-trajectories-cartoon-illustration-set-Converted-01-1-1536x130.png 1536w, https:\/\/avioborza.si\/wp-content\/uploads\/2023\/03\/Dotted-airplane-trajectories-cartoon-illustration-set-Converted-01-1-2048x173.png 2048w\" sizes=\"(max-width: 2670px) 100vw, 2670px\" \/>\t\t\t\t\t\t\t\t\t\t\t\t\t\t\t<\/div>\n\t\t\t\t<\/div>\n\t\t\t\t<div class=\"elementor-element elementor-element-b59efcb elementor-widget elementor-widget-text-editor\" data-id=\"b59efcb\" data-element_type=\"widget\" data-widget_type=\"text-editor.default\">\n\t\t\t\t<div class=\"elementor-widget-container\">\n\t\t\t\t\t\t\t\t\t<p>GoOpti provides daily low-cost, reliable direct transport to nearby airports and locations in Slovenia, Italy, Croatia, Austria, and Germany.<br \/>Once you have made your reservation and received your confirmation, you can look forward to a comfortable ride with a private driver who will take you to your desired destination at the right time and wait for you at the agreed location at the agreed time for your return trip.<br \/>The advantage of GoOpti transport is that it does not require you to adhere to rigid timetables, but adapts to your needs. What's more, in order to meet your requirements in terms of price, privacy, and flexibility when waiting for transport, they have developed three types of transport: OPTI, FIX, and VIP.<br \/><br \/><strong>OPTI transport \u2013 the comfort of taxi transport for the price of a bus ticket<\/strong><br \/>\u2013    A unique low-cost service on regular GoOpti routes, where passengers with similar departure or arrival times are grouped together in the same vehicle. You can adjust your desired departure time and price during the purchase process using the flexibility window \u2013 the maximum possible deviation from your desired travel times. During the purchase process, you specify the time frame in which the transport will take place, and the exact departure time will be communicated to you the day before the transport by email and SMS.<br \/><br \/><strong>FIX transport \u2013 the balance between price and comfort<\/strong><br \/>\u2013 Group transportation on their regular routes, with the exact departure time determined during the purchase process. This service is ideal for travelers who want to know the actual departure time in advance but do not mind sharing the vehicle with other passengers. You specify the exact departure time during the purchase process, and the program displays the final price of the transport.<br \/>\u00a0<br \/><br \/><strong>VIP transport \u2013 cheaper than a taxi<\/strong><br \/>\u2013    Completely private transportation on one of their regular routes. This is the best solution for companies and individuals who want completely private transportation at an affordable price. You specify the exact departure time during the purchase process, and the program displays the final price of the transportation.<br \/>\u00a0<br \/><br \/>To book Go Opti transport, please contact us at <strong><a href=\"tel:+386 1 241 0555\">+386 1 241 0555<\/a> <\/strong>or <strong><a href=\"mailto:avioborza@siol.net\">avioborza@siol.net<\/a>.<\/strong><\/p>\t\t\t\t\t\t\t\t<\/div>\n\t\t\t\t<\/div>\n\t\t\t\t\t<\/div>\n\t\t<\/div>\n\t\t\t\t\t<\/div>\n\t\t<\/section>\n\t\t\t\t<\/div>","protected":false},"excerpt":{"rendered":"<p>Go Opti Nizkocenovni prevozi potnikov na letali\u0161\u010da in med kraji Podjetje GoOpti izvaja dnevne nizkocenovne, a zanesljive direktne prevoze do okoli\u0161kih letali\u0161\u010d in krajev v Sloveniji, Italiji, na Hrva\u0161kem, v Avstriji in Nem\u010dij.Opravljena rezervacija in takoj\u0161nji prejem potrdila o rezervaciji pomeni ugoden najem osebnega voznika, ki vas bo ob pravem \u010dasu pripeljal na \u017eeleno destinacijo, [&hellip;]<\/p>","protected":false},"author":1,"featured_media":0,"parent":0,"menu_order":0,"comment_status":"closed","ping_status":"closed","template":"","meta":{"ocean_post_layout":"","ocean_both_sidebars_style":"","ocean_both_sidebars_content_width":0,"ocean_both_sidebars_sidebars_width":0,"ocean_sidebar":"0","ocean_second_sidebar":"0","ocean_disable_margins":"enable","ocean_add_body_class":"","ocean_shortcode_before_top_bar":"","ocean_shortcode_after_top_bar":"","ocean_shortcode_before_header":"","ocean_shortcode_after_header":"","ocean_has_shortcode":"","ocean_shortcode_after_title":"","ocean_shortcode_before_footer_widgets":"","ocean_shortcode_after_footer_widgets":"","ocean_shortcode_before_footer_bottom":"","ocean_shortcode_after_footer_bottom":"","ocean_display_top_bar":"default","ocean_display_header":"default","ocean_header_style":"","ocean_center_header_left_menu":"0","ocean_custom_header_template":"0","ocean_custom_logo":0,"ocean_custom_retina_logo":0,"ocean_custom_logo_max_width":0,"ocean_custom_logo_tablet_max_width":0,"ocean_custom_logo_mobile_max_width":0,"ocean_custom_logo_max_height":0,"ocean_custom_logo_tablet_max_height":0,"ocean_custom_logo_mobile_max_height":0,"ocean_header_custom_menu":"0","ocean_menu_typo_font_family":"0","ocean_menu_typo_font_subset":"","ocean_menu_typo_font_size":0,"ocean_menu_typo_font_size_tablet":0,"ocean_menu_typo_font_size_mobile":0,"ocean_menu_typo_font_size_unit":"px","ocean_menu_typo_font_weight":"","ocean_menu_typo_font_weight_tablet":"","ocean_menu_typo_font_weight_mobile":"","ocean_menu_typo_transform":"","ocean_menu_typo_transform_tablet":"","ocean_menu_typo_transform_mobile":"","ocean_menu_typo_line_height":0,"ocean_menu_typo_line_height_tablet":0,"ocean_menu_typo_line_height_mobile":0,"ocean_menu_typo_line_height_unit":"","ocean_menu_typo_spacing":0,"ocean_menu_typo_spacing_tablet":0,"ocean_menu_typo_spacing_mobile":0,"ocean_menu_typo_spacing_unit":"","ocean_menu_link_color":"","ocean_menu_link_color_hover":"","ocean_menu_link_color_active":"","ocean_menu_link_background":"","ocean_menu_link_hover_background":"","ocean_menu_link_active_background":"","ocean_menu_social_links_bg":"","ocean_menu_social_hover_links_bg":"","ocean_menu_social_links_color":"","ocean_menu_social_hover_links_color":"","ocean_disable_title":"default","ocean_disable_heading":"default","ocean_post_title":"","ocean_post_subheading":"","ocean_post_title_style":"","ocean_post_title_background_color":"","ocean_post_title_background":0,"ocean_post_title_bg_image_position":"","ocean_post_title_bg_image_attachment":"","ocean_post_title_bg_image_repeat":"","ocean_post_title_bg_image_size":"","ocean_post_title_height":0,"ocean_post_title_bg_overlay":0.5,"ocean_post_title_bg_overlay_color":"","ocean_disable_breadcrumbs":"default","ocean_breadcrumbs_color":"","ocean_breadcrumbs_separator_color":"","ocean_breadcrumbs_links_color":"","ocean_breadcrumbs_links_hover_color":"","ocean_display_footer_widgets":"default","ocean_display_footer_bottom":"default","ocean_custom_footer_template":"0","footnotes":""},"class_list":["post-350","page","type-page","status-publish","hentry","entry"],"aioseo_notices":[],"_links":{"self":[{"href":"https:\/\/avioborza.si\/en\/wp-json\/wp\/v2\/pages\/350","targetHints":{"allow":["GET"]}}],"collection":[{"href":"https:\/\/avioborza.si\/en\/wp-json\/wp\/v2\/pages"}],"about":[{"href":"https:\/\/avioborza.si\/en\/wp-json\/wp\/v2\/types\/page"}],"author":[{"embeddable":true,"href":"https:\/\/avioborza.si\/en\/wp-json\/wp\/v2\/users\/1"}],"replies":[{"embeddable":true,"href":"https:\/\/avioborza.si\/en\/wp-json\/wp\/v2\/comments?post=350"}],"version-history":[{"count":10,"href":"https:\/\/avioborza.si\/en\/wp-json\/wp\/v2\/pages\/350\/revisions"}],"predecessor-version":[{"id":363,"href":"https:\/\/avioborza.si\/en\/wp-json\/wp\/v2\/pages\/350\/revisions\/363"}],"wp:attachment":[{"href":"https:\/\/avioborza.si\/en\/wp-json\/wp\/v2\/media?parent=350"}],"curies":[{"name":"wp","href":"https:\/\/api.w.org\/{rel}","templated":true}]}}